{"id":1925,"date":"2020-06-09T14:55:09","date_gmt":"2020-06-09T12:55:09","guid":{"rendered":"https:\/\/www.unifix.it\/privacy-policy\/"},"modified":"2026-02-18T10:49:24","modified_gmt":"2026-02-18T09:49:24","slug":"datenschutzerklarung","status":"publish","type":"page","link":"https:\/\/www.unifix.it\/de\/datenschutzerklarung\/","title":{"rendered":"Datenschutzerkl\u00e4rung"},"content":{"rendered":"\n<p><\/p>\n\n\n\n<h6 class=\"wp-block-heading\">1&nbsp;&nbsp;&nbsp;&nbsp;&nbsp;&nbsp;&nbsp;&nbsp; Allgemeines<\/h6>\n\n\n\n<p><\/p>\n\n\n\n<p>UNIFIX SWG S.r.l., im Folgenden als \u201edas Unternehmen\u201d bezeichnet, hat die vorliegende Web-Datenschutzerkl\u00e4rung entwickelt, um die Verwaltungsmodalit\u00e4ten der Website \u201ewww.unifix.it\u201d in Bezug auf die Verarbeitung der personenbezogenen Daten der Nutzer\/Besucher, die diese Website konsultieren, zu beschreiben.<\/p>\n\n\n\n<p>Diese Erkl\u00e4rung wird gem\u00e4\u00df der EU-Verordnung 679\/2016 zum Schutz personenbezogener Daten allen Personen zur Verf\u00fcgung gestellt, die sich mit der Unternehmenswebsite des Unternehmens verbinden und die entsprechenden Dienste unter der Adresse \u201ewww.unifix.it\u201c nutzen. Die Erkl\u00e4rung gilt nur f\u00fcr die oben genannte Website und nicht f\u00fcr andere Websites, die der Nutzer \u00fcber entsprechende Links aufrufen kann.<\/p>\n\n\n\n<p>Die vorliegende Datenschutzerkl\u00e4rung ist integraler Bestandteil unserer Website und der von uns angebotenen Dienste. Der Zugriff auf die Website und deren Nutzung sowie der Kauf von Produkten \u00fcber die Website selbst basieren auf der Voraussetzung, dass diese Datenschutzerkl\u00e4rung gelesen und verstanden wurde. Wenn Sie mit dieser Datenschutzerkl\u00e4rung nicht einverstanden sind, bitten wir Sie, unsere Website nicht zu nutzen.<\/p>\n\n\n\n<p>Das Unternehmen kann diese Web-Datenschutzerkl\u00e4rung ganz oder teilweise \u00e4ndern oder einfach aktualisieren.<\/p>\n\n\n\n<p>Alle \u00c4nderungen oder Aktualisierungen dieser Erkl\u00e4rung werden allen Nutzern im Bereich \u201eDatenschutz\u201d der Website zur Verf\u00fcgung gestellt, sobald die Aktualisierungen aktiv sind, und sind verbindlich, sobald sie in diesem Bereich der Website ver\u00f6ffentlicht werden. Wenn Sie diese \u00c4nderungen nicht akzeptieren m\u00f6chten, k\u00f6nnen Sie die Nutzung unserer Website einstellen.<\/p>\n\n\n\n<p>Die fortgesetzte Nutzung unserer Website und unserer Produkte und Dienstleistungen nach der Ver\u00f6ffentlichung der oben genannten \u00c4nderungen und\/oder Aktualisierungen gilt als Zustimmung zu den \u00c4nderungen und als Anerkennung der Verbindlichkeit der neuen Bedingungen. Die Website \u201ewww.unifix.it\u201c ist Eigentum des Unternehmens und wird vollst\u00e4ndig von diesem betrieben.<\/p>\n\n\n\n<h6 class=\"wp-block-heading\">2&nbsp;&nbsp;&nbsp;&nbsp;&nbsp;&nbsp;&nbsp;&nbsp; Identifizierung des Verantwortlichen f\u00fcr die Datenverarbeitung und seines Vertreters<\/h6>\n\n\n\n<p><\/p>\n\n\n\n<p>Gem\u00e4\u00df Art. 4 Absatz 1 Nr. 7 der EU-Verordnung 679\/2016 zum Schutz personenbezogener Daten ist der Verantwortliche f\u00fcr die Verarbeitung der \u00fcber diese Website erhobenen personenbezogenen Daten das Unternehmen UNIFIX SWG S.r.l., eingetragen im Handelsregister unter der Nummer IT00605470210, mit Sitz in Terlan (BZ), in der Person von Herrn Gernot Seebacher, Gesch\u00e4ftsf\u00fchrer des Unternehmens.<\/p>\n\n\n\n<p>Eine aktuelle Liste aller mit der Datenverarbeitung beauftragten Personen und Verantwortlichen kann beim Verantwortlichen selbst oder beim Auftragsverarbeiter unter der folgenden E-Mail-Adresse angefordert werden:<a href=\"mailto:alex.nussbaumer@unifix.it\">alex.nussbaumer@unifix.it<\/a> .<\/p>\n\n\n\n<h6 class=\"wp-block-heading\">3&nbsp;&nbsp;&nbsp;&nbsp;&nbsp;&nbsp;&nbsp;&nbsp; Identifizierung des Datenschutzbeauftragten (Data Protection Officer)<\/h6>\n\n\n\n<p><\/p>\n\n\n\n<p>Gem\u00e4\u00df Art. 37 der EU-Verordnung 679\/2016 zum Schutz personenbezogener Daten wurde kein Datenschutzbeauftragter ernannt.<\/p>\n\n\n\n<h6 class=\"wp-block-heading\">4&nbsp;&nbsp;&nbsp;&nbsp;&nbsp;&nbsp;&nbsp;&nbsp; Art der verarbeiteten Daten und Zweck der Verarbeitung<\/h6>\n\n\n\n<p><\/p>\n\n\n\n<h6 class=\"wp-block-heading\">4.1&nbsp;&nbsp;&nbsp;&nbsp;&nbsp;&nbsp;&nbsp; Navigationsdaten<\/h6>\n\n\n\n<p><\/p>\n\n\n\n<p>Die f\u00fcr den Betrieb dieser Website verwendeten IT-Systeme und Softwareverfahren erfassen w\u00e4hrend ihres normalen Betriebs einige personenbezogene Daten, die bei der Verwendung von Internet-Kommunikationsprotokollen implizit \u00fcbertragen werden. Dabei handelt es sich um Informationen, die nicht erfasst werden, um mit identifizierten Personen in Verbindung gebracht zu werden, die jedoch aufgrund ihrer Beschaffenheit durch Verarbeitung und Verkn\u00fcpfung mit Daten im Besitz von Dritten eine Identifizierung der Nutzer erm\u00f6glichen k\u00f6nnten. Zu dieser Datenkategorie geh\u00f6ren:<\/p>\n\n\n\n<ul class=\"wp-block-list\">\n<li>die IP-Adressen oder Dom\u00e4nennamen der Computer, die von den Nutzern verwendet werden, die sich mit der Website verbinden;<\/li>\n\n\n\n<li>die URI-Adressen (Uniform Resource Identifier) der angeforderten Ressourcen;<\/li>\n\n\n\n<li>die Uhrzeit der Anfrage;<\/li>\n\n\n\n<li>die Methode, mit der die Anfrage an den Server gesendet wurde;<\/li>\n\n\n\n<li>die Gr\u00f6\u00dfe der als Antwort erhaltenen Datei;<\/li>\n\n\n\n<li>den Zahlencode, der den Status der vom Server gegebenen Antwort angibt (z. B. erfolgreich, Fehler usw.)<\/li>\n\n\n\n<li>weitere Parameter zum Betriebssystem und zur IT-Umgebung des Benutzers.<\/li>\n<\/ul>\n\n\n\n<p>Diese Daten werden ausschlie\u00dflich dazu verwendet, anonyme statistische Informationen \u00fcber die Nutzung der Website zu erhalten und deren ordnungsgem\u00e4\u00dfe Funktion zu \u00fcberpr\u00fcfen. Die betreffenden Daten werden unmittelbar nach der Verarbeitung gel\u00f6scht. Die Daten k\u00f6nnten zur Feststellung der Verantwortung im Falle hypothetischer Computerkriminalit\u00e4t zum Schaden der Website verwendet werden: Abgesehen von diesem Fall werden die Daten \u00fcber Webkontakte nicht l\u00e4nger als 24 Monate gespeichert.<\/p>\n\n\n\n<h6 class=\"wp-block-heading\">4.2&nbsp;&nbsp;&nbsp;&nbsp;&nbsp;&nbsp;&nbsp; Cookies<\/h6>\n\n\n\n<p><\/p>\n\n\n\n<p>Im Rahmen dieser Website werden bestimmte personenbezogene Daten \u00fcber den Zugriff des Nutzers durch die Verwendung von Cookies erfasst. Weitere Informationen zur Cookie-Richtlinie des Unternehmens finden Sie unter folgendem Link (http:\/\/www.unifix.it\/it\/information\/cookie\/94-0.html).<\/p>\n\n\n\n<h6 class=\"wp-block-heading\">4.3&nbsp;&nbsp;&nbsp;&nbsp;&nbsp;&nbsp;&nbsp; E-Mail-Adressen<\/h6>\n\n\n\n<p><\/p>\n\n\n\n<p>Wenn Benutzer\/Besucher, die sich mit dieser Website verbinden, ihre personenbezogenen Daten \u00fcbermitteln, um auf bestimmte Dienste zuzugreifen oder Anfragen per E-Mail zu stellen, bedeutet dies, dass das Unternehmen die Adresse des Absenders und\/oder andere personenbezogene Daten erfasst, die ausschlie\u00dflich f\u00fcr die in dieser Erkl\u00e4rung angegebenen Zwecke verarbeitet werden. Ihre Daten werden zu Zwecken verarbeitet, die mit der Erf\u00fcllung Ihrer spezifischen Anfragen, vertraglichen, steuerlichen und buchhalterischen Verpflichtungen, der Rechnungshistorie, Rechtsstreitigkeiten und dem Schutz von Forderungen sowie der Erf\u00fcllung der geltenden gesetzlichen Verpflichtungen zusammenh\u00e4ngen.<\/p>\n\n\n\n<h6 class=\"wp-block-heading\">4.4&nbsp;&nbsp;&nbsp;&nbsp;&nbsp;&nbsp;&nbsp; Bereitstellung personenbezogener Daten und Folgen der Nichtbereitstellung<\/h6>\n\n\n\n<p><\/p>\n\n\n\n<p>Abgesehen von den Angaben zu den Navigationsdaten steht es den Nutzern frei, ihre personenbezogenen Daten anzugeben.<\/p>\n\n\n\n<p>Die Nichtbereitstellung dieser Daten kann lediglich dazu f\u00fchren, dass die angeforderten Leistungen nicht erbracht werden k\u00f6nnen.<\/p>\n\n\n\n<p>Daher k\u00f6nnen Besucher die Website auch ohne Angabe von Informationen und personenbezogenen Daten nutzen.<\/p>\n\n\n\n<p>Nach der Registrierung werden die erhobenen personenbezogenen Daten ausschlie\u00dflich f\u00fcr die in der verf\u00fcgbaren Datenschutzerkl\u00e4rung angegebenen Dienste verwendet. Besucher der Website k\u00f6nnen ihre Daten angeben, um:<\/p>\n\n\n\n<ul class=\"wp-block-list\">\n<li>um bez\u00fcglich der angebotenen Dienste kontaktiert zu werden;<\/li>\n\n\n\n<li>an Initiativen teilzunehmen, die auf dieser Website beworben werden;<\/li>\n\n\n\n<li>Kontaktaufnahme mit dem Unternehmen \u00fcber das daf\u00fcr vorgesehene Formular.<\/li>\n<\/ul>\n\n\n\n<h6 class=\"wp-block-heading\">4.4.1&nbsp;&nbsp;&nbsp;&nbsp;&nbsp;&nbsp;&nbsp; Bereich UniShop<\/h6>\n\n\n\n<p><\/p>\n\n\n\n<p>Die Website bietet B2B-Nutzern die M\u00f6glichkeit, die Website<a href=\"http:\/\/www.unishop.it\"> www.unishop.it<\/a> aufzurufen, um direkt mit dem Kauf der auf dieser Website angebotenen Produkte fortzufahren. Zu diesem Zweck muss der Nutzer die folgenden Daten angeben, andernfalls wird er vom Online-Verkauf ausgeschlossen: vollst\u00e4ndige personenbezogene Daten, die f\u00fcr die Bearbeitung der Bestellung erforderlich sind. Der Kauf unterliegt au\u00dferdem der ausdr\u00fccklichen Zustimmung zur Datenschutzerkl\u00e4rung sowie zu den Verkaufsbedingungen des Unternehmens durch Anklicken des daf\u00fcr vorgesehenen K\u00e4stchens.<\/p>\n\n\n\n<h6 class=\"wp-block-heading\">4.4.2&nbsp;&nbsp;&nbsp;&nbsp;&nbsp;&nbsp;&nbsp; Bereich \u201eKontakt<\/h6>\n\n\n\n<p><\/p>\n\n\n\n<p>Im Bereich \u201eKontakt\u201d der Website kann der Nutzer \u00fcber das entsprechende Formular eine pers\u00f6nliche Nachricht an das Unternehmen senden, um eine Antwort von diesem zu erhalten. Die folgenden personenbezogenen Daten sind erforderlich:<\/p>\n\n\n\n<ul class=\"wp-block-list\">\n<li>Vorname<\/li>\n\n\n\n<li>Nachname<\/li>\n\n\n\n<li>E-Mail<\/li>\n\n\n\n<li>Unternehmen<\/li>\n\n\n\n<li>Adresse (nicht obligatorisch)<\/li>\n\n\n\n<li>Telefon<\/li>\n<\/ul>\n\n\n\n<p>Die Zustimmung zur Datenschutzerkl\u00e4rung des Unternehmens ist eine unverzichtbare Voraussetzung f\u00fcr die Nutzung des betreffenden Dienstes.<\/p>\n\n\n\n<h6 class=\"wp-block-heading\">5&nbsp;&nbsp;&nbsp;&nbsp;&nbsp;&nbsp;&nbsp;&nbsp; Weitergabe an Dritte<\/h6>\n\n\n\n<p><\/p>\n\n\n\n<p>Die personenbezogenen Daten werden an UNIFIX SWG S.r.l. weitergegeben, um Informationsanfragen zu beantworten, oder sie k\u00f6nnen an Beh\u00f6rden und Institutionen zur Erf\u00fcllung gesetzlicher Verpflichtungen oder an Justizbeh\u00f6rden weitergegeben werden, sofern dies erforderlich ist.<\/p>\n\n\n\n<p>Dar\u00fcber hinaus bedient sich das Unternehmen anderer Unternehmen und nat\u00fcrlicher Personen, um bestimmte T\u00e4tigkeiten wie den Versand von E-Mails, die Zustellung von Paketen und die Durchf\u00fchrung von Zahlungen durchzuf\u00fchren. Die oben genannten Personen haben nur Zugriff auf die personenbezogenen Daten, die f\u00fcr die Erf\u00fcllung ihrer Aufgaben unbedingt erforderlich sind. Das Unternehmen weist darauf hin, dass es diesen Personen untersagt ist, die Daten f\u00fcr andere Zwecke zu verwenden, und dass sie verpflichtet sind, die Daten in \u00dcbereinstimmung mit dieser Datenschutzerkl\u00e4rung und den geltenden Rechtsvorschriften zu verarbeiten.<\/p>\n\n\n\n<p>\u00dcber diese Website erhebt das Unternehmen nicht bewusst besondere personenbezogene Daten oder Strafregisterdaten.<\/p>\n\n\n\n<p>Besondere Daten im Sinne von Art. 9 der EU-Verordnung 679\/2016 zum Schutz personenbezogener Daten umfassen personenbezogene Daten, aus denen die rassische und ethnische Herkunft, religi\u00f6se, philosophische oder sonstige \u00dcberzeugungen, politische Meinungen, die Zugeh\u00f6rigkeit zu Parteien, Gewerkschaften, Vereinigungen oder Organisationen religi\u00f6ser, philosophischer, politischer oder gewerkschaftlicher Art sowie personenbezogene Daten, aus denen der Gesundheitszustand und das Sexualleben hervorgehen.<\/p>\n\n\n\n<p>Strafregisterdaten gem\u00e4\u00df Art. 10 der EU-Verordnung 679\/2016 zum Schutz personenbezogener Daten umfassen personenbezogene Daten, die geeignet sind, Ma\u00dfnahmen im Zusammenhang mit dem Strafregister, dem Register der strafrechtlichen Sanktionen und den damit verbundenen anh\u00e4ngigen Verfahren offenzulegen, sowie die Eigenschaft als Angeklagter oder Verd\u00e4chtiger gem\u00e4\u00df den Artikeln 60 und 61 der Strafprozessordnung.<\/p>\n\n\n\n<p>Es wird empfohlen, diese Informationen nicht \u00fcber diese Website zu \u00fcbermitteln.<\/p>\n\n\n\n<h6 class=\"wp-block-heading\">6&nbsp;&nbsp;&nbsp;&nbsp;&nbsp;&nbsp;&nbsp;&nbsp; Aufbewahrung der Daten<\/h6>\n\n\n\n<p><\/p>\n\n\n\n<p>Die auf dieser Website erhobenen Informationen und personenbezogenen Daten der Nutzer, einschlie\u00dflich der Daten, die freiwillig zur Zusendung von Informationsmaterial oder anderen Mitteilungen angegeben wurden, werden ausschlie\u00dflich zum Zweck der Erbringung der angeforderten Dienstleistung und f\u00fcr die daf\u00fcr erforderliche Dauer gespeichert.<\/p>\n\n\n\n<p>Nach Abschluss der Dienstleistung werden alle personenbezogenen Daten nach 6 Monaten vernichtet, sofern keine anderslautende Anfrage der Beh\u00f6rde, keine gesetzlich festgelegten Aufbewahrungspflichten oder keine anderslautenden Angaben in bestimmten Bereichen der Website vorliegen.<\/p>\n\n\n\n<h6 class=\"wp-block-heading\">7&nbsp;&nbsp;&nbsp;&nbsp;&nbsp;&nbsp;&nbsp;&nbsp; Aus\u00fcbung der Rechte der betroffenen Person<\/h6>\n\n\n\n<p><\/p>\n\n\n\n<p>Gem\u00e4\u00df den Artikeln 13, 14 und 15 von Kapitel III der EU-Verordnung 679\/2016 zum Schutz personenbezogener Daten haben die betroffenen Personen jederzeit das Recht, eine Best\u00e4tigung \u00fcber das Vorhandensein oder Nichtvorhandensein dieser Daten zu erhalten, deren Inhalt und Herkunft zu erfahren, deren Richtigkeit zu \u00fcberpr\u00fcfen oder deren Erg\u00e4nzung, Aktualisierung oder Berichtigung zu verlangen.<\/p>\n\n\n\n<p>Gem\u00e4\u00df den Artikeln 16, 17 und 18 von Kapitel III der EU-Verordnung 679\/2016 haben sie das Recht, die L\u00f6schung, Anonymisierung oder Sperrung von Daten, die unter Versto\u00df gegen das Gesetz verarbeitet wurden, zu verlangen sowie sich in jedem Fall aus legitimen Gr\u00fcnden ihrer Verarbeitung zu widersetzen. Anfragen sind schriftlich oder durch Kontaktaufnahme mit dem Verantwortlichen f\u00fcr die Datenverarbeitung unter folgender Adresse zu richten:<a href=\"mailto:alex.nussbaumer@unifix.it\">alex.nussbaumer@unifix.it<\/a> . oder an den Datenschutzbeauftragten.<\/p>\n\n\n\n<h6 class=\"wp-block-heading\">8&nbsp;&nbsp;&nbsp;&nbsp;&nbsp;&nbsp;&nbsp;&nbsp; \u00dcbermittlung personenbezogener Daten an ein Drittland oder eine internationale Organisation<\/h6>\n\n\n\n<p><\/p>\n\n\n\n<p>Die von UNIFIX SWG S.r.l. erhobenen Daten werden nicht an Drittl\u00e4nder au\u00dferhalb der Europ\u00e4ischen Union oder an internationale Organisationen weitergegeben.<\/p>\n\n\n\n<h6 class=\"wp-block-heading\">9&nbsp;&nbsp;&nbsp;&nbsp;&nbsp;&nbsp;&nbsp;&nbsp; Vorhandensein eines automatisierten Entscheidungsprozesses (z. B. Profiling) und Auswirkungen dieser Verarbeitung auf die Rechte und Freiheiten der betroffenen Person.<\/h6>\n\n\n\n<p><\/p>\n\n\n\n<p>Die von UNIFIX SWG S.r.l. erhobenen Daten unterliegen keiner Profilerstellung, d. h. keiner automatisierten Verarbeitung personenbezogener Daten zum Zwecke der Bewertung von Aspekten einer nat\u00fcrlichen Person, insbesondere zur Analyse oder Vorhersage von Aspekten der beruflichen Leistung, der wirtschaftlichen Lage, der Gesundheit, der pers\u00f6nlichen Vorlieben, der Interessen, der Zuverl\u00e4ssigkeit, des Verhaltens, des Aufenthaltsorts oder der Bewegungen dieser nat\u00fcrlichen Person.<\/p>\n\n\n\n<h6 class=\"wp-block-heading\">10&nbsp;&nbsp;&nbsp;&nbsp;&nbsp; Datensicherheit<\/h6>\n\n\n\n<p><\/p>\n\n\n\n<p>Das Unternehmen sch\u00fctzt personenbezogene Daten durch die Anwendung international anerkannter Sicherheitsstandards sowie durch Sicherheitsverfahren, die personenbezogene Daten sch\u00fctzen:<\/p>\n\n\n\n<ul class=\"wp-block-list\">\n<li>vor unbefugtem Zugriff;<\/li>\n\n\n\n<li>vor Missbrauch oder Weitergabe;<\/li>\n\n\n\n<li>vor unbefugter \u00c4nderung;<\/li>\n\n\n\n<li>vor Verlust oder Zerst\u00f6rung durch Unf\u00e4lle oder rechtswidrige Handlungen.<\/li>\n<\/ul>\n\n\n\n<h6 class=\"wp-block-heading\">11&nbsp;&nbsp;&nbsp;&nbsp;&nbsp; Minderj\u00e4hrige<\/h6>\n\n\n\n<p><\/p>\n\n\n\n<p>Die Website \u201ewww.unifix.it\u201c ist nicht f\u00fcr die Nutzung durch Minderj\u00e4hrige bestimmt, die nicht berechtigt sind, \u00fcber die angegebenen Websites Eink\u00e4ufe zu t\u00e4tigen. Wir sind uns der Bedeutung des Schutzes von Informationen \u00fcber Minderj\u00e4hrige bewusst, insbesondere in einer Online-Umgebung, und sammeln oder speichern daher bewusst keine personenbezogenen Daten von Minderj\u00e4hrigen.<\/p>\n\n\n\n<p><\/p>\n","protected":false},"excerpt":{"rendered":"<p>1&nbsp;&nbsp;&nbsp;&nbsp;&nbsp;&nbsp;&nbsp;&nbsp; Allgemeines UNIFIX SWG S.r.l., im Folgenden als \u201edas Unternehmen\u201d bezeichnet, hat die vorliegende Web-Datenschutzerkl\u00e4rung entwickelt, um die Verwaltungsmodalit\u00e4ten der Website \u201ewww.unifix.it\u201d in Bezug auf die Verarbeitung der personenbezogenen Daten der Nutzer\/Besucher, die diese Website konsultieren, zu beschreiben. Diese Erkl\u00e4rung wird gem\u00e4\u00df der EU-Verordnung 679\/2016 zum Schutz personenbezogener Daten allen Personen zur Verf\u00fcgung gestellt, die [&hellip;]<\/p>\n","protected":false},"author":1,"featured_media":0,"parent":0,"menu_order":63,"comment_status":"closed","ping_status":"closed","template":"editoriale.php","meta":{"footnotes":""},"class_list":["post-1925","page","type-page","status-publish","hentry"],"yoast_head":"<!-- This site is optimized with the Yoast SEO plugin v24.5 - https:\/\/yoast.com\/wordpress\/plugins\/seo\/ -->\n<title>Datenschutzerkl\u00e4rung - Unifix<\/title>\n<meta name=\"robots\" content=\"index, follow, max-snippet:-1, max-image-preview:large, max-video-preview:-1\" \/>\n<link rel=\"canonical\" href=\"https:\/\/www.unifix.it\/de\/datenschutzerklarung\/\" \/>\n<meta property=\"og:locale\" content=\"de_DE\" \/>\n<meta property=\"og:type\" content=\"article\" \/>\n<meta property=\"og:title\" content=\"Datenschutzerkl\u00e4rung - Unifix\" \/>\n<meta property=\"og:description\" content=\"1&nbsp;&nbsp;&nbsp;&nbsp;&nbsp;&nbsp;&nbsp;&nbsp; Allgemeines UNIFIX SWG S.r.l., im Folgenden als \u201edas Unternehmen\u201d bezeichnet, hat die vorliegende Web-Datenschutzerkl\u00e4rung entwickelt, um die Verwaltungsmodalit\u00e4ten der Website \u201ewww.unifix.it\u201d in Bezug auf die Verarbeitung der personenbezogenen Daten der Nutzer\/Besucher, die diese Website konsultieren, zu beschreiben. Diese Erkl\u00e4rung wird gem\u00e4\u00df der EU-Verordnung 679\/2016 zum Schutz personenbezogener Daten allen Personen zur Verf\u00fcgung gestellt, die [&hellip;]\" \/>\n<meta property=\"og:url\" content=\"https:\/\/www.unifix.it\/de\/datenschutzerklarung\/\" \/>\n<meta property=\"og:site_name\" content=\"Unifix\" \/>\n<meta property=\"article:modified_time\" content=\"2026-02-18T09:49:24+00:00\" \/>\n<meta name=\"twitter:card\" content=\"summary_large_image\" \/>\n<meta name=\"twitter:label1\" content=\"Gesch\u00e4tzte Lesezeit\" \/>\n\t<meta name=\"twitter:data1\" content=\"7\u00a0Minuten\" \/>\n<script type=\"application\/ld+json\" class=\"yoast-schema-graph\">{\"@context\":\"https:\/\/schema.org\",\"@graph\":[{\"@type\":\"WebPage\",\"@id\":\"https:\/\/www.unifix.it\/de\/datenschutzerklarung\/\",\"url\":\"https:\/\/www.unifix.it\/de\/datenschutzerklarung\/\",\"name\":\"Datenschutzerkl\u00e4rung - Unifix\",\"isPartOf\":{\"@id\":\"https:\/\/www.unifix.it\/de\/#website\"},\"datePublished\":\"2020-06-09T12:55:09+00:00\",\"dateModified\":\"2026-02-18T09:49:24+00:00\",\"breadcrumb\":{\"@id\":\"https:\/\/www.unifix.it\/de\/datenschutzerklarung\/#breadcrumb\"},\"inLanguage\":\"de\",\"potentialAction\":[{\"@type\":\"ReadAction\",\"target\":[\"https:\/\/www.unifix.it\/de\/datenschutzerklarung\/\"]}]},{\"@type\":\"BreadcrumbList\",\"@id\":\"https:\/\/www.unifix.it\/de\/datenschutzerklarung\/#breadcrumb\",\"itemListElement\":[{\"@type\":\"ListItem\",\"position\":1,\"name\":\"Home\",\"item\":\"https:\/\/www.unifix.it\/de\/\"},{\"@type\":\"ListItem\",\"position\":2,\"name\":\"Datenschutzerkl\u00e4rung\"}]},{\"@type\":\"WebSite\",\"@id\":\"https:\/\/www.unifix.it\/de\/#website\",\"url\":\"https:\/\/www.unifix.it\/de\/\",\"name\":\"Unifix\",\"description\":\"Fissati su di te\",\"publisher\":{\"@id\":\"https:\/\/www.unifix.it\/de\/#organization\"},\"potentialAction\":[{\"@type\":\"SearchAction\",\"target\":{\"@type\":\"EntryPoint\",\"urlTemplate\":\"https:\/\/www.unifix.it\/de\/?s={search_term_string}\"},\"query-input\":{\"@type\":\"PropertyValueSpecification\",\"valueRequired\":true,\"valueName\":\"search_term_string\"}}],\"inLanguage\":\"de\"},{\"@type\":\"Organization\",\"@id\":\"https:\/\/www.unifix.it\/de\/#organization\",\"name\":\"Unifix\",\"url\":\"https:\/\/www.unifix.it\/de\/\",\"logo\":{\"@type\":\"ImageObject\",\"inLanguage\":\"de\",\"@id\":\"https:\/\/www.unifix.it\/de\/#\/schema\/logo\/image\/\",\"url\":\"https:\/\/www.unifix.it\/wp-content\/uploads\/2020\/10\/Logo_Unifix.svg\",\"contentUrl\":\"https:\/\/www.unifix.it\/wp-content\/uploads\/2020\/10\/Logo_Unifix.svg\",\"width\":113,\"height\":44,\"caption\":\"Unifix\"},\"image\":{\"@id\":\"https:\/\/www.unifix.it\/de\/#\/schema\/logo\/image\/\"}}]}<\/script>\n<!-- \/ Yoast SEO plugin. -->","yoast_head_json":{"title":"Datenschutzerkl\u00e4rung - Unifix","robots":{"index":"index","follow":"follow","max-snippet":"max-snippet:-1","max-image-preview":"max-image-preview:large","max-video-preview":"max-video-preview:-1"},"canonical":"https:\/\/www.unifix.it\/de\/datenschutzerklarung\/","og_locale":"de_DE","og_type":"article","og_title":"Datenschutzerkl\u00e4rung - Unifix","og_description":"1&nbsp;&nbsp;&nbsp;&nbsp;&nbsp;&nbsp;&nbsp;&nbsp; Allgemeines UNIFIX SWG S.r.l., im Folgenden als \u201edas Unternehmen\u201d bezeichnet, hat die vorliegende Web-Datenschutzerkl\u00e4rung entwickelt, um die Verwaltungsmodalit\u00e4ten der Website \u201ewww.unifix.it\u201d in Bezug auf die Verarbeitung der personenbezogenen Daten der Nutzer\/Besucher, die diese Website konsultieren, zu beschreiben. Diese Erkl\u00e4rung wird gem\u00e4\u00df der EU-Verordnung 679\/2016 zum Schutz personenbezogener Daten allen Personen zur Verf\u00fcgung gestellt, die [&hellip;]","og_url":"https:\/\/www.unifix.it\/de\/datenschutzerklarung\/","og_site_name":"Unifix","article_modified_time":"2026-02-18T09:49:24+00:00","twitter_card":"summary_large_image","twitter_misc":{"Gesch\u00e4tzte Lesezeit":"7\u00a0Minuten"},"schema":{"@context":"https:\/\/schema.org","@graph":[{"@type":"WebPage","@id":"https:\/\/www.unifix.it\/de\/datenschutzerklarung\/","url":"https:\/\/www.unifix.it\/de\/datenschutzerklarung\/","name":"Datenschutzerkl\u00e4rung - Unifix","isPartOf":{"@id":"https:\/\/www.unifix.it\/de\/#website"},"datePublished":"2020-06-09T12:55:09+00:00","dateModified":"2026-02-18T09:49:24+00:00","breadcrumb":{"@id":"https:\/\/www.unifix.it\/de\/datenschutzerklarung\/#breadcrumb"},"inLanguage":"de","potentialAction":[{"@type":"ReadAction","target":["https:\/\/www.unifix.it\/de\/datenschutzerklarung\/"]}]},{"@type":"BreadcrumbList","@id":"https:\/\/www.unifix.it\/de\/datenschutzerklarung\/#breadcrumb","itemListElement":[{"@type":"ListItem","position":1,"name":"Home","item":"https:\/\/www.unifix.it\/de\/"},{"@type":"ListItem","position":2,"name":"Datenschutzerkl\u00e4rung"}]},{"@type":"WebSite","@id":"https:\/\/www.unifix.it\/de\/#website","url":"https:\/\/www.unifix.it\/de\/","name":"Unifix","description":"Fissati su di te","publisher":{"@id":"https:\/\/www.unifix.it\/de\/#organization"},"potentialAction":[{"@type":"SearchAction","target":{"@type":"EntryPoint","urlTemplate":"https:\/\/www.unifix.it\/de\/?s={search_term_string}"},"query-input":{"@type":"PropertyValueSpecification","valueRequired":true,"valueName":"search_term_string"}}],"inLanguage":"de"},{"@type":"Organization","@id":"https:\/\/www.unifix.it\/de\/#organization","name":"Unifix","url":"https:\/\/www.unifix.it\/de\/","logo":{"@type":"ImageObject","inLanguage":"de","@id":"https:\/\/www.unifix.it\/de\/#\/schema\/logo\/image\/","url":"https:\/\/www.unifix.it\/wp-content\/uploads\/2020\/10\/Logo_Unifix.svg","contentUrl":"https:\/\/www.unifix.it\/wp-content\/uploads\/2020\/10\/Logo_Unifix.svg","width":113,"height":44,"caption":"Unifix"},"image":{"@id":"https:\/\/www.unifix.it\/de\/#\/schema\/logo\/image\/"}}]}},"_links":{"self":[{"href":"https:\/\/www.unifix.it\/de\/wp-json\/wp\/v2\/pages\/1925","targetHints":{"allow":["GET"]}}],"collection":[{"href":"https:\/\/www.unifix.it\/de\/wp-json\/wp\/v2\/pages"}],"about":[{"href":"https:\/\/www.unifix.it\/de\/wp-json\/wp\/v2\/types\/page"}],"author":[{"embeddable":true,"href":"https:\/\/www.unifix.it\/de\/wp-json\/wp\/v2\/users\/1"}],"replies":[{"embeddable":true,"href":"https:\/\/www.unifix.it\/de\/wp-json\/wp\/v2\/comments?post=1925"}],"version-history":[{"count":6,"href":"https:\/\/www.unifix.it\/de\/wp-json\/wp\/v2\/pages\/1925\/revisions"}],"predecessor-version":[{"id":2069,"href":"https:\/\/www.unifix.it\/de\/wp-json\/wp\/v2\/pages\/1925\/revisions\/2069"}],"wp:attachment":[{"href":"https:\/\/www.unifix.it\/de\/wp-json\/wp\/v2\/media?parent=1925"}],"curies":[{"name":"wp","href":"https:\/\/api.w.org\/{rel}","templated":true}]}}