{"id":1820,"date":"2020-06-11T14:55:54","date_gmt":"2020-06-11T12:55:54","guid":{"rendered":"https:\/\/www.unifix.it\/productos\/documentazione-tecnica\/"},"modified":"2025-03-27T18:37:51","modified_gmt":"2025-03-27T17:37:51","slug":"documentazione-tecnica","status":"publish","type":"page","link":"https:\/\/www.unifix.it\/es\/productos\/documentazione-tecnica\/","title":{"rendered":"Documentaci\u00f3n"},"content":{"rendered":"\n<h3 class=\"wp-block-heading\">DOCUMENTACI\u00d3N T\u00c9CNICA<\/h3>\n\n\n\n<p>Aqu\u00ed es posible buscar todos los documentos, certificaciones, fichas t\u00e9cnicas, etc. relativos a nuestros productos.<\/p>\n\n\n\n<p><br><strong>Haz <a href=\"https:\/\/archive.unishop.it\/\" target=\"_blank\" rel=\"noreferrer noopener\">clic aqu\u00ed<\/a> para acceder a toda la documentaci\u00f3n t\u00e9cnica.<\/strong><br><\/p>\n\n\n\n<div style=\"height:43px\" aria-hidden=\"true\" class=\"wp-block-spacer\"><\/div>\n\n\n\n<hr class=\"wp-block-separator has-css-opacity\"\/>\n\n\n\n<div style=\"height:36px\" aria-hidden=\"true\" class=\"wp-block-spacer\"><\/div>\n\n\n\n<h3 class=\"wp-block-heading\">DdP: declaraciones de prestaciones<\/h3>\n\n\n\n<p>A partir del 1 de julio de 2013, el Reglamento europeo 305\/2011 sobre los Productos de Construcci\u00f3n sustituye a la antigua Directiva 89\/106. A la luz de esta nueva normativa de la UE, la denominada DdP (declaraci\u00f3n de prestaciones), que sustituye a la antigua declaraci\u00f3n de conformidad, pasa a ser obligatoria para todos los productos.<br><br><strong>Haz <a href=\"https:\/\/archive.unishop.it\/\" target=\"_blank\" rel=\"noreferrer noopener\">clic aqu\u00ed<\/a> para acceder a las declaraciones de prestaciones.<\/strong><br><br><br><\/p>\n\n\n\n<div style=\"height:51px\" aria-hidden=\"true\" class=\"wp-block-spacer\"><\/div>\n\n\n\n<h3 class=\"wp-block-heading\">FDS: ficha de datos de seguridad<\/h3>\n\n\n\n<p>La ficha de datos de seguridad (FDS) es el documento en el que se enumeran todos los peligros para la salud humana y el medio ambiente de un producto qu\u00edmico. En particular, se detallan cuidadosamente los componentes, el fabricante, los peligros para el transporte, las personas y el medio ambiente, las instrucciones de eliminaci\u00f3n, las frases de peligro y los consejos de prudencia, los l\u00edmites de exposici\u00f3n TLV\/TWA y la protecci\u00f3n que debe llevar el usuario (EPI) que entre en contacto con ellos.<\/p>\n\n\n\n<p><strong>Haz<a href=\"https:\/\/archive.unishop.it\/\" target=\"_blank\" rel=\"noreferrer noopener\"> clic aqu\u00ed<\/a> para acceder a las declaraciones de prestaciones.<\/strong><br><\/p>\n\n\n\n<div style=\"height:40px\" aria-hidden=\"true\" class=\"wp-block-spacer\"><\/div>\n\n\n\n<p><\/p>\n","protected":false},"excerpt":{"rendered":"<p>DOCUMENTACI\u00d3N T\u00c9CNICA Aqu\u00ed es posible buscar todos los documentos, certificaciones, fichas t\u00e9cnicas, etc. relativos a nuestros productos. Haz clic aqu\u00ed para acceder a toda la documentaci\u00f3n t\u00e9cnica. DdP: declaraciones de prestaciones A partir del 1 de julio de 2013, el Reglamento europeo 305\/2011 sobre los Productos de Construcci\u00f3n sustituye a la antigua Directiva 89\/106. A [&hellip;]<\/p>\n","protected":false},"author":1,"featured_media":0,"parent":1815,"menu_order":56,"comment_status":"closed","ping_status":"closed","template":"link_esterno.php","meta":{"footnotes":""},"class_list":["post-1820","page","type-page","status-publish","hentry"],"yoast_head":"<!-- This site is optimized with the Yoast SEO plugin v24.5 - https:\/\/yoast.com\/wordpress\/plugins\/seo\/ -->\n<title>Documentaci\u00f3n - Unifix<\/title>\n<meta name=\"robots\" content=\"index, follow, max-snippet:-1, max-image-preview:large, max-video-preview:-1\" \/>\n<link rel=\"canonical\" href=\"https:\/\/www.unifix.it\/es\/productos\/documentazione-tecnica\/\" \/>\n<meta property=\"og:locale\" content=\"es_ES\" \/>\n<meta property=\"og:type\" content=\"article\" \/>\n<meta property=\"og:title\" content=\"Documentaci\u00f3n - Unifix\" \/>\n<meta property=\"og:description\" content=\"DOCUMENTACI\u00d3N T\u00c9CNICA Aqu\u00ed es posible buscar todos los documentos, certificaciones, fichas t\u00e9cnicas, etc. relativos a nuestros productos. Haz clic aqu\u00ed para acceder a toda la documentaci\u00f3n t\u00e9cnica. DdP: declaraciones de prestaciones A partir del 1 de julio de 2013, el Reglamento europeo 305\/2011 sobre los Productos de Construcci\u00f3n sustituye a la antigua Directiva 89\/106. A [&hellip;]\" \/>\n<meta property=\"og:url\" content=\"https:\/\/www.unifix.it\/es\/productos\/documentazione-tecnica\/\" \/>\n<meta property=\"og:site_name\" content=\"Unifix\" \/>\n<meta property=\"article:modified_time\" content=\"2025-03-27T17:37:51+00:00\" \/>\n<meta name=\"twitter:card\" content=\"summary_large_image\" \/>\n<meta name=\"twitter:label1\" content=\"Tiempo de lectura\" \/>\n\t<meta name=\"twitter:data1\" content=\"2 minutos\" \/>\n<script type=\"application\/ld+json\" class=\"yoast-schema-graph\">{\"@context\":\"https:\/\/schema.org\",\"@graph\":[{\"@type\":\"WebPage\",\"@id\":\"https:\/\/www.unifix.it\/es\/productos\/documentazione-tecnica\/\",\"url\":\"https:\/\/www.unifix.it\/es\/productos\/documentazione-tecnica\/\",\"name\":\"Documentaci\u00f3n - Unifix\",\"isPartOf\":{\"@id\":\"https:\/\/www.unifix.it\/es\/#website\"},\"datePublished\":\"2020-06-11T12:55:54+00:00\",\"dateModified\":\"2025-03-27T17:37:51+00:00\",\"breadcrumb\":{\"@id\":\"https:\/\/www.unifix.it\/es\/productos\/documentazione-tecnica\/#breadcrumb\"},\"inLanguage\":\"es\",\"potentialAction\":[{\"@type\":\"ReadAction\",\"target\":[\"https:\/\/www.unifix.it\/es\/productos\/documentazione-tecnica\/\"]}]},{\"@type\":\"BreadcrumbList\",\"@id\":\"https:\/\/www.unifix.it\/es\/productos\/documentazione-tecnica\/#breadcrumb\",\"itemListElement\":[{\"@type\":\"ListItem\",\"position\":1,\"name\":\"Home\",\"item\":\"https:\/\/www.unifix.it\/es\/home\/\"},{\"@type\":\"ListItem\",\"position\":2,\"name\":\"Productos\",\"item\":\"https:\/\/www.unifix.it\/es\/productos\/\"},{\"@type\":\"ListItem\",\"position\":3,\"name\":\"Documentaci\u00f3n\"}]},{\"@type\":\"WebSite\",\"@id\":\"https:\/\/www.unifix.it\/es\/#website\",\"url\":\"https:\/\/www.unifix.it\/es\/\",\"name\":\"Unifix\",\"description\":\"Fissati su di te\",\"publisher\":{\"@id\":\"https:\/\/www.unifix.it\/es\/#organization\"},\"potentialAction\":[{\"@type\":\"SearchAction\",\"target\":{\"@type\":\"EntryPoint\",\"urlTemplate\":\"https:\/\/www.unifix.it\/es\/?s={search_term_string}\"},\"query-input\":{\"@type\":\"PropertyValueSpecification\",\"valueRequired\":true,\"valueName\":\"search_term_string\"}}],\"inLanguage\":\"es\"},{\"@type\":\"Organization\",\"@id\":\"https:\/\/www.unifix.it\/es\/#organization\",\"name\":\"Unifix\",\"url\":\"https:\/\/www.unifix.it\/es\/\",\"logo\":{\"@type\":\"ImageObject\",\"inLanguage\":\"es\",\"@id\":\"https:\/\/www.unifix.it\/es\/#\/schema\/logo\/image\/\",\"url\":\"https:\/\/www.unifix.it\/wp-content\/uploads\/2020\/10\/Logo_Unifix.svg\",\"contentUrl\":\"https:\/\/www.unifix.it\/wp-content\/uploads\/2020\/10\/Logo_Unifix.svg\",\"width\":113,\"height\":44,\"caption\":\"Unifix\"},\"image\":{\"@id\":\"https:\/\/www.unifix.it\/es\/#\/schema\/logo\/image\/\"}}]}<\/script>\n<!-- \/ Yoast SEO plugin. -->","yoast_head_json":{"title":"Documentaci\u00f3n - Unifix","robots":{"index":"index","follow":"follow","max-snippet":"max-snippet:-1","max-image-preview":"max-image-preview:large","max-video-preview":"max-video-preview:-1"},"canonical":"https:\/\/www.unifix.it\/es\/productos\/documentazione-tecnica\/","og_locale":"es_ES","og_type":"article","og_title":"Documentaci\u00f3n - Unifix","og_description":"DOCUMENTACI\u00d3N T\u00c9CNICA Aqu\u00ed es posible buscar todos los documentos, certificaciones, fichas t\u00e9cnicas, etc. relativos a nuestros productos. Haz clic aqu\u00ed para acceder a toda la documentaci\u00f3n t\u00e9cnica. DdP: declaraciones de prestaciones A partir del 1 de julio de 2013, el Reglamento europeo 305\/2011 sobre los Productos de Construcci\u00f3n sustituye a la antigua Directiva 89\/106. A [&hellip;]","og_url":"https:\/\/www.unifix.it\/es\/productos\/documentazione-tecnica\/","og_site_name":"Unifix","article_modified_time":"2025-03-27T17:37:51+00:00","twitter_card":"summary_large_image","twitter_misc":{"Tiempo de lectura":"2 minutos"},"schema":{"@context":"https:\/\/schema.org","@graph":[{"@type":"WebPage","@id":"https:\/\/www.unifix.it\/es\/productos\/documentazione-tecnica\/","url":"https:\/\/www.unifix.it\/es\/productos\/documentazione-tecnica\/","name":"Documentaci\u00f3n - Unifix","isPartOf":{"@id":"https:\/\/www.unifix.it\/es\/#website"},"datePublished":"2020-06-11T12:55:54+00:00","dateModified":"2025-03-27T17:37:51+00:00","breadcrumb":{"@id":"https:\/\/www.unifix.it\/es\/productos\/documentazione-tecnica\/#breadcrumb"},"inLanguage":"es","potentialAction":[{"@type":"ReadAction","target":["https:\/\/www.unifix.it\/es\/productos\/documentazione-tecnica\/"]}]},{"@type":"BreadcrumbList","@id":"https:\/\/www.unifix.it\/es\/productos\/documentazione-tecnica\/#breadcrumb","itemListElement":[{"@type":"ListItem","position":1,"name":"Home","item":"https:\/\/www.unifix.it\/es\/home\/"},{"@type":"ListItem","position":2,"name":"Productos","item":"https:\/\/www.unifix.it\/es\/productos\/"},{"@type":"ListItem","position":3,"name":"Documentaci\u00f3n"}]},{"@type":"WebSite","@id":"https:\/\/www.unifix.it\/es\/#website","url":"https:\/\/www.unifix.it\/es\/","name":"Unifix","description":"Fissati su di te","publisher":{"@id":"https:\/\/www.unifix.it\/es\/#organization"},"potentialAction":[{"@type":"SearchAction","target":{"@type":"EntryPoint","urlTemplate":"https:\/\/www.unifix.it\/es\/?s={search_term_string}"},"query-input":{"@type":"PropertyValueSpecification","valueRequired":true,"valueName":"search_term_string"}}],"inLanguage":"es"},{"@type":"Organization","@id":"https:\/\/www.unifix.it\/es\/#organization","name":"Unifix","url":"https:\/\/www.unifix.it\/es\/","logo":{"@type":"ImageObject","inLanguage":"es","@id":"https:\/\/www.unifix.it\/es\/#\/schema\/logo\/image\/","url":"https:\/\/www.unifix.it\/wp-content\/uploads\/2020\/10\/Logo_Unifix.svg","contentUrl":"https:\/\/www.unifix.it\/wp-content\/uploads\/2020\/10\/Logo_Unifix.svg","width":113,"height":44,"caption":"Unifix"},"image":{"@id":"https:\/\/www.unifix.it\/es\/#\/schema\/logo\/image\/"}}]}},"_links":{"self":[{"href":"https:\/\/www.unifix.it\/es\/wp-json\/wp\/v2\/pages\/1820","targetHints":{"allow":["GET"]}}],"collection":[{"href":"https:\/\/www.unifix.it\/es\/wp-json\/wp\/v2\/pages"}],"about":[{"href":"https:\/\/www.unifix.it\/es\/wp-json\/wp\/v2\/types\/page"}],"author":[{"embeddable":true,"href":"https:\/\/www.unifix.it\/es\/wp-json\/wp\/v2\/users\/1"}],"replies":[{"embeddable":true,"href":"https:\/\/www.unifix.it\/es\/wp-json\/wp\/v2\/comments?post=1820"}],"version-history":[{"count":4,"href":"https:\/\/www.unifix.it\/es\/wp-json\/wp\/v2\/pages\/1820\/revisions"}],"predecessor-version":[{"id":2035,"href":"https:\/\/www.unifix.it\/es\/wp-json\/wp\/v2\/pages\/1820\/revisions\/2035"}],"up":[{"embeddable":true,"href":"https:\/\/www.unifix.it\/es\/wp-json\/wp\/v2\/pages\/1815"}],"wp:attachment":[{"href":"https:\/\/www.unifix.it\/es\/wp-json\/wp\/v2\/media?parent=1820"}],"curies":[{"name":"wp","href":"https:\/\/api.w.org\/{rel}","templated":true}]}}