{"id":1826,"date":"2020-06-09T14:55:09","date_gmt":"2020-06-09T12:55:09","guid":{"rendered":"https:\/\/www.unifix.it\/privacy-policy\/"},"modified":"2026-02-18T10:54:37","modified_gmt":"2026-02-18T09:54:37","slug":"privacy-policy","status":"publish","type":"page","link":"https:\/\/www.unifix.it\/es\/privacy-policy\/","title":{"rendered":"Pol\u00edtica de privacidad"},"content":{"rendered":"\n<p><\/p>\n\n\n\n<h6 class=\"wp-block-heading\">1&nbsp;&nbsp;&nbsp;&nbsp;&nbsp;&nbsp;&nbsp;&nbsp; Generalidades<\/h6>\n\n\n\n<p><\/p>\n\n\n\n<p>UNIFIX SWG S.r.l., en adelante denominada la Empresa, ha desarrollado la presente Pol\u00edtica de Privacidad Web con el fin de describir las modalidades de gesti\u00f3n del sitio web \u00abwww.unifix.it\u00bb, en referencia al tratamiento de los datos personales de los usuarios\/visitantes que lo consultan.<\/p>\n\n\n\n<p>La presente informaci\u00f3n se facilita, de conformidad con el Reglamento UE 679\/2016 en materia de protecci\u00f3n de datos personales, a quienes se conectan al sitio web corporativo de la Empresa y utilizan los servicios relacionados, a partir de la direcci\u00f3n \u00abwww.unifix.it\u00bb. La informaci\u00f3n se proporciona \u00fanicamente para el sitio web mencionado anteriormente y no para otros sitios web que el usuario pueda consultar a trav\u00e9s de enlaces espec\u00edficos.<\/p>\n\n\n\n<p>La presente pol\u00edtica de privacidad forma parte integrante de nuestro sitio web y de los servicios que ofrecemos. El acceso al sitio web y su uso, as\u00ed como la compra de productos a trav\u00e9s del mismo, se basan en el supuesto de que se ha le\u00eddo y comprendido la presente Pol\u00edtica de privacidad. Si no est\u00e1 de acuerdo con esta Pol\u00edtica de privacidad, le rogamos que no utilice nuestro sitio web.<\/p>\n\n\n\n<p>La empresa puede modificar o simplemente actualizar, total o parcialmente, la presente Pol\u00edtica de Privacidad Web.<\/p>\n\n\n\n<p>Cualquier modificaci\u00f3n o actualizaci\u00f3n de la misma estar\u00e1 disponible para todos los usuarios en la secci\u00f3n Privacidad del sitio web tan pronto como las actualizaciones est\u00e9n activas y ser\u00e1n vinculantes tan pronto como se publiquen en el sitio web en esta secci\u00f3n. Si el usuario no desea aceptar dichos cambios, puede dejar de utilizar nuestro sitio web.<\/p>\n\n\n\n<p>El uso continuado de nuestro sitio web y de nuestros productos y servicios tras la publicaci\u00f3n de las modificaciones y\/o actualizaciones mencionadas equivaldr\u00e1 a la aceptaci\u00f3n de las modificaciones y al reconocimiento del car\u00e1cter vinculante de los nuevos t\u00e9rminos y condiciones. El sitio web \u00abwww.unifix.it\u00bb es propiedad de la Empresa y est\u00e1 gestionado \u00edntegramente por ella.<\/p>\n\n\n\n<h6 class=\"wp-block-heading\">2&nbsp;&nbsp;&nbsp;&nbsp;&nbsp;&nbsp;&nbsp;&nbsp; Identificaci\u00f3n del responsable del tratamiento y de su representante<\/h6>\n\n\n\n<p><\/p>\n\n\n\n<p>De conformidad con el art\u00edculo 4, apartado 1, n.\u00ba 7, del Reglamento (UE) 679\/2016 sobre la protecci\u00f3n de datos personales, el responsable del tratamiento de los datos personales que se recopilen a trav\u00e9s de este sitio web es la empresa, sociedad de derecho UNIFIX SWG S.r.l., inscrita en el Registro Mercantil con el n\u00famero IT00605470210, con domicilio social en Terlano (BZ), en la persona del Sr. Gernot Seebacher, director general de la empresa.<\/p>\n\n\n\n<p>Se puede solicitar una lista actualizada de todos los encargados y responsables del tratamiento al propio responsable o al encargado, escribiendo a la siguiente direcci\u00f3n de correo electr\u00f3nico:<a href=\"mailto:alex.nussbaumer@unifix.it\">alex.nussbaumer@unifix.it<\/a> .<\/p>\n\n\n\n<h6 class=\"wp-block-heading\">3&nbsp;&nbsp;&nbsp;&nbsp;&nbsp;&nbsp;&nbsp;&nbsp; Identificaci\u00f3n del responsable de la protecci\u00f3n de datos (Data Protection Officer)<\/h6>\n\n\n\n<p><\/p>\n\n\n\n<p>De conformidad con el art\u00edculo 37 del Reglamento UE 679\/2016 sobre la protecci\u00f3n de datos personales, no se ha nombrado a ning\u00fan responsable de la protecci\u00f3n de datos.<\/p>\n\n\n\n<h6 class=\"wp-block-heading\">4&nbsp;&nbsp;&nbsp;&nbsp;&nbsp;&nbsp;&nbsp;&nbsp; Tipo de datos tratados y finalidad del tratamiento<\/h6>\n\n\n\n<p><\/p>\n\n\n\n<h6 class=\"wp-block-heading\">4.1&nbsp;&nbsp;&nbsp;&nbsp;&nbsp;&nbsp;&nbsp; Datos de navegaci\u00f3n<\/h6>\n\n\n\n<p><\/p>\n\n\n\n<p>Los sistemas inform\u00e1ticos y los procedimientos de software utilizados para el funcionamiento de este sitio web adquieren, durante su funcionamiento normal, algunos datos personales que se transmiten impl\u00edcitamente mediante el uso de protocolos de comunicaci\u00f3n de Internet. Se trata de informaci\u00f3n que no se recopila para asociarla a personas identificadas, pero que, por su propia naturaleza, podr\u00eda, mediante su elaboraci\u00f3n y asociaci\u00f3n con datos en poder de terceros, permitir la identificaci\u00f3n de los usuarios. En esta categor\u00eda de datos se incluyen:<\/p>\n\n\n\n<ul class=\"wp-block-list\">\n<li>las direcciones IP o los nombres de dominio de los ordenadores utilizados por los usuarios que se conectan al sitio;<\/li>\n\n\n\n<li>las direcciones URI (Uniform Resource Identifier) de los recursos solicitados;<\/li>\n\n\n\n<li>la hora de la solicitud;<\/li>\n\n\n\n<li>el m\u00e9todo utilizado para enviar la solicitud al servidor;<\/li>\n\n\n\n<li>el tama\u00f1o del archivo obtenido en respuesta;<\/li>\n\n\n\n<li>el c\u00f3digo num\u00e9rico que indica el estado de la respuesta dada por el servidor (por ejemplo, \u00e9xito, error, etc.);<\/li>\n\n\n\n<li>otros par\u00e1metros relacionados con el sistema operativo y el entorno inform\u00e1tico del usuario.<\/li>\n<\/ul>\n\n\n\n<p>Estos datos se utilizan con el \u00fanico fin de obtener informaci\u00f3n estad\u00edstica an\u00f3nima sobre el uso del sitio web y para comprobar su correcto funcionamiento. Los datos en cuesti\u00f3n se eliminan inmediatamente despu\u00e9s de su procesamiento. Los datos podr\u00edan utilizarse para determinar la responsabilidad en caso de hipot\u00e9ticos delitos inform\u00e1ticos contra el sitio: salvo en este caso, los datos sobre los contactos web no se conservan durante m\u00e1s de 24 meses.<\/p>\n\n\n\n<h6 class=\"wp-block-heading\">4.2&nbsp;&nbsp;&nbsp;&nbsp;&nbsp;&nbsp;&nbsp; Cookies<\/h6>\n\n\n\n<p><\/p>\n\n\n\n<p>En el marco del presente sitio web se recopila cierta informaci\u00f3n de car\u00e1cter personal relativa a los accesos del usuario mediante el uso de cookies. Para obtener m\u00e1s informaci\u00f3n sobre la pol\u00edtica de cookies de la empresa, visite el siguiente enlace (http:\/\/www.unifix.it\/it\/information\/cookie\/94-0.html).<\/p>\n\n\n\n<h6 class=\"wp-block-heading\">4.3&nbsp;&nbsp;&nbsp;&nbsp;&nbsp;&nbsp;&nbsp; Direcciones de correo electr\u00f3nico<\/h6>\n\n\n\n<p><\/p>\n\n\n\n<p>Si los usuarios\/visitantes, al conectarse a este sitio web, env\u00edan sus datos personales para acceder a determinados servicios o para realizar solicitudes por correo electr\u00f3nico, esto implica la adquisici\u00f3n por parte de la empresa de la direcci\u00f3n del remitente y\/u otros datos personales que se tratar\u00e1n exclusivamente para los fines indicados en la presente declaraci\u00f3n. Sus datos ser\u00e1n tratados con fines relacionados con el cumplimiento de sus solicitudes espec\u00edficas, obligaciones contractuales, fiscales y contables; historial de facturaci\u00f3n; litigios y protecci\u00f3n del cr\u00e9dito; cumplimiento de las obligaciones previstas por la legislaci\u00f3n vigente.<\/p>\n\n\n\n<h6 class=\"wp-block-heading\">4.4&nbsp;&nbsp;&nbsp;&nbsp;&nbsp;&nbsp;&nbsp; Cesi\u00f3n de datos personales y consecuencias de la no cesi\u00f3n<\/h6>\n\n\n\n<p><\/p>\n\n\n\n<p>Aparte de lo especificado para los datos de navegaci\u00f3n, los usuarios son libres de proporcionar sus datos personales.<\/p>\n\n\n\n<p>La no comunicaci\u00f3n de los mismos puede implicar \u00fanicamente la imposibilidad de obtener lo solicitado.<\/p>\n\n\n\n<p>Por lo tanto, los visitantes pueden navegar por el sitio web sin revelar informaci\u00f3n ni datos personales.<\/p>\n\n\n\n<p>Una vez registrados, los datos personales recopilados se utilizar\u00e1n \u00fanicamente para los servicios indicados en la informaci\u00f3n disponible. Los visitantes del sitio web pueden proporcionar sus datos para:<\/p>\n\n\n\n<ul class=\"wp-block-list\">\n<li>ser contactados para solicitar informaci\u00f3n sobre los servicios prestados;<\/li>\n\n\n\n<li>participar en iniciativas promovidas en este sitio web;<\/li>\n\n\n\n<li>ponerse en contacto con la empresa a trav\u00e9s del formulario previsto a tal efecto.<\/li>\n<\/ul>\n\n\n\n<h6 class=\"wp-block-heading\">4.4.1&nbsp;&nbsp;&nbsp;&nbsp;&nbsp;&nbsp;&nbsp; Secci\u00f3n UniShop<\/h6>\n\n\n\n<p><\/p>\n\n\n\n<p>El sitio web ofrece a los usuarios B2B la posibilidad de dirigirse al sitio<a href=\"http:\/\/www.unishop.it\"> www.unishop.it<\/a> para proceder directamente a la compra de los productos comercializados en el propio sitio. A tal fin, el usuario est\u00e1 obligado a proporcionar los siguientes datos, bajo pena de exclusi\u00f3n del servicio de venta en l\u00ednea: datos personales completos necesarios para la gesti\u00f3n del pedido. La compra tambi\u00e9n est\u00e1 sujeta a la aceptaci\u00f3n expresa, mediante un clic en la casilla prevista a tal efecto, de la Pol\u00edtica de privacidad y de las condiciones de venta de la Empresa.<\/p>\n\n\n\n<h6 class=\"wp-block-heading\">4.4.2&nbsp;&nbsp;&nbsp;&nbsp;&nbsp;&nbsp;&nbsp; Secci\u00f3n Contacto<\/h6>\n\n\n\n<p><\/p>\n\n\n\n<p>La secci\u00f3n \u00abContacto\u00bb del sitio web permite al usuario, a trav\u00e9s del formulario correspondiente, enviar a la empresa un mensaje personal con el fin de obtener una respuesta por parte de la misma. Se solicitan los siguientes datos personales:<\/p>\n\n\n\n<ul class=\"wp-block-list\">\n<li>Nombre<\/li>\n\n\n\n<li>Apellidos<\/li>\n\n\n\n<li>Direcci\u00f3n de correo electr\u00f3nico<\/li>\n\n\n\n<li>Empresa<\/li>\n\n\n\n<li>Direcci\u00f3n (no obligatorio)<\/li>\n\n\n\n<li>Tel\u00e9fono<\/li>\n<\/ul>\n\n\n\n<p>La aceptaci\u00f3n de la Pol\u00edtica de privacidad de la empresa es un requisito indispensable para poder utilizar el servicio en cuesti\u00f3n.<\/p>\n\n\n\n<h6 class=\"wp-block-heading\">5&nbsp;&nbsp;&nbsp;&nbsp;&nbsp;&nbsp;&nbsp;&nbsp; Comunicaci\u00f3n a terceros<\/h6>\n\n\n\n<p><\/p>\n\n\n\n<p>Los datos personales ser\u00e1n comunicados a UNIFIX SWG S.r.l. para poder responder a las solicitudes de informaci\u00f3n, o bien podr\u00e1n ser comunicados a organismos e instituciones para el cumplimiento de las obligaciones legales o a las autoridades judiciales, en caso de que as\u00ed lo soliciten.<\/p>\n\n\n\n<p>Adem\u00e1s, la Empresa recurre a otras empresas y personas f\u00edsicas para que realicen actividades espec\u00edficas, como el env\u00edo de correos electr\u00f3nicos, la entrega de paquetes o la realizaci\u00f3n de pagos. Dichas personas solo tienen acceso a los datos personales estrictamente necesarios para el desempe\u00f1o de sus funciones. La Empresa subraya la prohibici\u00f3n de que estas personas utilicen los datos para fines distintos, as\u00ed como la obligaci\u00f3n de tratarlos de conformidad con la presente Pol\u00edtica de Privacidad y la normativa vigente.<\/p>\n\n\n\n<p>A trav\u00e9s de este sitio web, la Empresa no recopila deliberadamente datos personales especiales o penales.<\/p>\n\n\n\n<p>Los datos especiales, seg\u00fan el art\u00edculo 9 del Reglamento UE 679\/2016 sobre la protecci\u00f3n de datos personales, incluyen los datos personales que revelan el origen racial y \u00e9tnico, las convicciones religiosas, filos\u00f3ficas o de otro tipo, las opiniones pol\u00edticas, la afiliaci\u00f3n a partidos, sindicatos, asociaciones u organizaciones de car\u00e1cter religioso, filos\u00f3fico, pol\u00edtico o sindical, as\u00ed como los datos personales que puedan revelar el estado de salud y la vida sexual.<\/p>\n\n\n\n<p>Los datos penales, seg\u00fan el art\u00edculo 10 del Reglamento UE 679\/2016 sobre protecci\u00f3n de datos personales, incluyen los datos personales que pueden revelar medidas relacionadas con los antecedentes penales, el registro de sanciones e s administrativas derivadas de delitos y las causas pendientes relacionadas, as\u00ed como la condici\u00f3n de acusado o investigado, de conformidad con los art\u00edculos 60 y 61 del C\u00f3digo de Procedimiento Penal.<\/p>\n\n\n\n<p>Se recomienda no facilitar dicha informaci\u00f3n a trav\u00e9s de este sitio web.<\/p>\n\n\n\n<h6 class=\"wp-block-heading\">6&nbsp;&nbsp;&nbsp;&nbsp;&nbsp;&nbsp;&nbsp;&nbsp; Conservaci\u00f3n de los datos<\/h6>\n\n\n\n<p><\/p>\n\n\n\n<p>La informaci\u00f3n y los datos personales de los usuarios recopilados por este sitio web, incluidos los datos facilitados libremente con el fin de obtener el env\u00edo de material informativo u otras comunicaciones, se conservar\u00e1n con el \u00fanico fin de prestar el servicio solicitado y durante el tiempo necesario para tal fin.<\/p>\n\n\n\n<p>Una vez completado el servicio, todos los datos personales ser\u00e1n destruidos al cabo de 6 meses, salvo que las autoridades soliciten lo contrario, que existan requisitos de conservaci\u00f3n establecidos por la ley o que se indique lo contrario en secciones espec\u00edficas del sitio web.<\/p>\n\n\n\n<h6 class=\"wp-block-heading\">7&nbsp;&nbsp;&nbsp;&nbsp;&nbsp;&nbsp;&nbsp;&nbsp; Ejercicio de los derechos del interesado<\/h6>\n\n\n\n<p><\/p>\n\n\n\n<p>De conformidad con los art\u00edculos 13, 14 y 15 del Cap\u00edtulo III del Reglamento UE 679\/2016 sobre la protecci\u00f3n de datos personales, los interesados tienen derecho en cualquier momento a obtener la confirmaci\u00f3n de la existencia o no de dichos datos, a conocer su contenido y origen, a verificar su exactitud o a solicitar su integraci\u00f3n, actualizaci\u00f3n o rectificaci\u00f3n.<\/p>\n\n\n\n<p>De conformidad con los art\u00edculos 16, 17 y 18 del cap\u00edtulo III del Reglamento UE 679\/2016, tienen derecho a solicitar la cancelaci\u00f3n, la transformaci\u00f3n en forma an\u00f3nima o el bloqueo de los datos tratados en violaci\u00f3n de la ley, as\u00ed como a oponerse en cualquier caso, por motivos leg\u00edtimos, a su tratamiento. Las solicitudes deben enviarse por escrito o poni\u00e9ndose en contacto con el responsable del tratamiento en la siguiente direcci\u00f3n:<a href=\"mailto:alex.nussbaumer@unifix.it\">alex.nussbaumer@unifix.it<\/a> . o al (Responsable de Privacidad.<\/p>\n\n\n\n<h6 class=\"wp-block-heading\">8&nbsp;&nbsp;&nbsp;&nbsp;&nbsp;&nbsp;&nbsp;&nbsp; Transferencia de datos personales a un tercer pa\u00eds o a una organizaci\u00f3n internacional<\/h6>\n\n\n\n<p><\/p>\n\n\n\n<p>Los datos recopilados por UNIFIX SWG S.r.l. no son objeto de transferencia a terceros pa\u00edses no pertenecientes a la Uni\u00f3n Europea ni a organizaciones internacionales.<\/p>\n\n\n\n<h6 class=\"wp-block-heading\">9&nbsp;&nbsp;&nbsp;&nbsp;&nbsp;&nbsp;&nbsp;&nbsp; Existencia de un proceso de toma de decisiones automatizado (por ejemplo, elaboraci\u00f3n de perfiles) y consecuencias de dicho tratamiento sobre los derechos y libertades del interesado.<\/h6>\n\n\n\n<p><\/p>\n\n\n\n<p>Los datos recopilados por UNIFIX SWG S.r.l. no son objeto de perfilado, es decir, de un tratamiento automatizado de datos personales con el fin de evaluar aspectos de una persona f\u00edsica, en particular para analizar o predecir aspectos relacionados con el rendimiento profesional, la situaci\u00f3n econ\u00f3mica, la salud, las preferencias personales, los intereses, la fiabilidad, el comportamiento, la ubicaci\u00f3n o los desplazamientos de dicha persona f\u00edsica.<\/p>\n\n\n\n<h6 class=\"wp-block-heading\">10&nbsp;&nbsp;&nbsp;&nbsp;&nbsp; Seguridad de los datos<\/h6>\n\n\n\n<p><\/p>\n\n\n\n<p>La empresa protege los datos personales mediante la aplicaci\u00f3n de niveles de seguridad reconocidos internacionalmente, as\u00ed como mediante procedimientos de seguridad que protegen los datos personales:<\/p>\n\n\n\n<ul class=\"wp-block-list\">\n<li>del acceso no autorizado;<\/li>\n\n\n\n<li>del uso indebido o la divulgaci\u00f3n de los mismos;<\/li>\n\n\n\n<li>de modificaciones no autorizadas;<\/li>\n\n\n\n<li>de la p\u00e9rdida o destrucci\u00f3n accidental o causada por un acto il\u00edcito.<\/li>\n<\/ul>\n\n\n\n<h6 class=\"wp-block-heading\">11&nbsp;&nbsp;&nbsp;&nbsp;&nbsp; Menores<\/h6>\n\n\n\n<p><\/p>\n\n\n\n<p>El sitio web \u00abwww.unifix.it\u00bb no est\u00e1 destinado al uso por parte de menores, quienes no est\u00e1n autorizados a realizar compras a trav\u00e9s de los sitios web indicados. Entendemos la importancia de proteger la informaci\u00f3n destinada a los menores, especialmente en un entorno en l\u00ednea, y por lo tanto no recopilamos ni conservamos deliberadamente datos personales relacionados con menores.<\/p>\n","protected":false},"excerpt":{"rendered":"<p>1&nbsp;&nbsp;&nbsp;&nbsp;&nbsp;&nbsp;&nbsp;&nbsp; Generalidades UNIFIX SWG S.r.l., en adelante denominada la Empresa, ha desarrollado la presente Pol\u00edtica de Privacidad Web con el fin de describir las modalidades de gesti\u00f3n del sitio web \u00abwww.unifix.it\u00bb, en referencia al tratamiento de los datos personales de los usuarios\/visitantes que lo consultan. La presente informaci\u00f3n se facilita, de conformidad con el Reglamento [&hellip;]<\/p>\n","protected":false},"author":1,"featured_media":0,"parent":0,"menu_order":63,"comment_status":"closed","ping_status":"closed","template":"editoriale.php","meta":{"footnotes":""},"class_list":["post-1826","page","type-page","status-publish","hentry"],"yoast_head":"<!-- This site is optimized with the Yoast SEO plugin v24.5 - https:\/\/yoast.com\/wordpress\/plugins\/seo\/ -->\n<title>Pol\u00edtica de privacidad - Unifix<\/title>\n<meta name=\"robots\" content=\"index, follow, max-snippet:-1, max-image-preview:large, max-video-preview:-1\" \/>\n<link rel=\"canonical\" href=\"https:\/\/www.unifix.it\/es\/privacy-policy\/\" \/>\n<meta property=\"og:locale\" content=\"es_ES\" \/>\n<meta property=\"og:type\" content=\"article\" \/>\n<meta property=\"og:title\" content=\"Pol\u00edtica de privacidad - Unifix\" \/>\n<meta property=\"og:description\" content=\"1&nbsp;&nbsp;&nbsp;&nbsp;&nbsp;&nbsp;&nbsp;&nbsp; Generalidades UNIFIX SWG S.r.l., en adelante denominada la Empresa, ha desarrollado la presente Pol\u00edtica de Privacidad Web con el fin de describir las modalidades de gesti\u00f3n del sitio web \u00abwww.unifix.it\u00bb, en referencia al tratamiento de los datos personales de los usuarios\/visitantes que lo consultan. La presente informaci\u00f3n se facilita, de conformidad con el Reglamento [&hellip;]\" \/>\n<meta property=\"og:url\" content=\"https:\/\/www.unifix.it\/es\/privacy-policy\/\" \/>\n<meta property=\"og:site_name\" content=\"Unifix\" \/>\n<meta property=\"article:modified_time\" content=\"2026-02-18T09:54:37+00:00\" \/>\n<meta name=\"twitter:card\" content=\"summary_large_image\" \/>\n<meta name=\"twitter:label1\" content=\"Tiempo de lectura\" \/>\n\t<meta name=\"twitter:data1\" content=\"9 minutos\" \/>\n<script type=\"application\/ld+json\" class=\"yoast-schema-graph\">{\"@context\":\"https:\/\/schema.org\",\"@graph\":[{\"@type\":\"WebPage\",\"@id\":\"https:\/\/www.unifix.it\/es\/privacy-policy\/\",\"url\":\"https:\/\/www.unifix.it\/es\/privacy-policy\/\",\"name\":\"Pol\u00edtica de privacidad - Unifix\",\"isPartOf\":{\"@id\":\"https:\/\/www.unifix.it\/es\/#website\"},\"datePublished\":\"2020-06-09T12:55:09+00:00\",\"dateModified\":\"2026-02-18T09:54:37+00:00\",\"breadcrumb\":{\"@id\":\"https:\/\/www.unifix.it\/es\/privacy-policy\/#breadcrumb\"},\"inLanguage\":\"es\",\"potentialAction\":[{\"@type\":\"ReadAction\",\"target\":[\"https:\/\/www.unifix.it\/es\/privacy-policy\/\"]}]},{\"@type\":\"BreadcrumbList\",\"@id\":\"https:\/\/www.unifix.it\/es\/privacy-policy\/#breadcrumb\",\"itemListElement\":[{\"@type\":\"ListItem\",\"position\":1,\"name\":\"Home\",\"item\":\"https:\/\/www.unifix.it\/es\/home\/\"},{\"@type\":\"ListItem\",\"position\":2,\"name\":\"Pol\u00edtica de privacidad\"}]},{\"@type\":\"WebSite\",\"@id\":\"https:\/\/www.unifix.it\/es\/#website\",\"url\":\"https:\/\/www.unifix.it\/es\/\",\"name\":\"Unifix\",\"description\":\"Fissati su di te\",\"publisher\":{\"@id\":\"https:\/\/www.unifix.it\/es\/#organization\"},\"potentialAction\":[{\"@type\":\"SearchAction\",\"target\":{\"@type\":\"EntryPoint\",\"urlTemplate\":\"https:\/\/www.unifix.it\/es\/?s={search_term_string}\"},\"query-input\":{\"@type\":\"PropertyValueSpecification\",\"valueRequired\":true,\"valueName\":\"search_term_string\"}}],\"inLanguage\":\"es\"},{\"@type\":\"Organization\",\"@id\":\"https:\/\/www.unifix.it\/es\/#organization\",\"name\":\"Unifix\",\"url\":\"https:\/\/www.unifix.it\/es\/\",\"logo\":{\"@type\":\"ImageObject\",\"inLanguage\":\"es\",\"@id\":\"https:\/\/www.unifix.it\/es\/#\/schema\/logo\/image\/\",\"url\":\"https:\/\/www.unifix.it\/wp-content\/uploads\/2020\/10\/Logo_Unifix.svg\",\"contentUrl\":\"https:\/\/www.unifix.it\/wp-content\/uploads\/2020\/10\/Logo_Unifix.svg\",\"width\":113,\"height\":44,\"caption\":\"Unifix\"},\"image\":{\"@id\":\"https:\/\/www.unifix.it\/es\/#\/schema\/logo\/image\/\"}}]}<\/script>\n<!-- \/ Yoast SEO plugin. -->","yoast_head_json":{"title":"Pol\u00edtica de privacidad - Unifix","robots":{"index":"index","follow":"follow","max-snippet":"max-snippet:-1","max-image-preview":"max-image-preview:large","max-video-preview":"max-video-preview:-1"},"canonical":"https:\/\/www.unifix.it\/es\/privacy-policy\/","og_locale":"es_ES","og_type":"article","og_title":"Pol\u00edtica de privacidad - Unifix","og_description":"1&nbsp;&nbsp;&nbsp;&nbsp;&nbsp;&nbsp;&nbsp;&nbsp; Generalidades UNIFIX SWG S.r.l., en adelante denominada la Empresa, ha desarrollado la presente Pol\u00edtica de Privacidad Web con el fin de describir las modalidades de gesti\u00f3n del sitio web \u00abwww.unifix.it\u00bb, en referencia al tratamiento de los datos personales de los usuarios\/visitantes que lo consultan. La presente informaci\u00f3n se facilita, de conformidad con el Reglamento [&hellip;]","og_url":"https:\/\/www.unifix.it\/es\/privacy-policy\/","og_site_name":"Unifix","article_modified_time":"2026-02-18T09:54:37+00:00","twitter_card":"summary_large_image","twitter_misc":{"Tiempo de lectura":"9 minutos"},"schema":{"@context":"https:\/\/schema.org","@graph":[{"@type":"WebPage","@id":"https:\/\/www.unifix.it\/es\/privacy-policy\/","url":"https:\/\/www.unifix.it\/es\/privacy-policy\/","name":"Pol\u00edtica de privacidad - Unifix","isPartOf":{"@id":"https:\/\/www.unifix.it\/es\/#website"},"datePublished":"2020-06-09T12:55:09+00:00","dateModified":"2026-02-18T09:54:37+00:00","breadcrumb":{"@id":"https:\/\/www.unifix.it\/es\/privacy-policy\/#breadcrumb"},"inLanguage":"es","potentialAction":[{"@type":"ReadAction","target":["https:\/\/www.unifix.it\/es\/privacy-policy\/"]}]},{"@type":"BreadcrumbList","@id":"https:\/\/www.unifix.it\/es\/privacy-policy\/#breadcrumb","itemListElement":[{"@type":"ListItem","position":1,"name":"Home","item":"https:\/\/www.unifix.it\/es\/home\/"},{"@type":"ListItem","position":2,"name":"Pol\u00edtica de privacidad"}]},{"@type":"WebSite","@id":"https:\/\/www.unifix.it\/es\/#website","url":"https:\/\/www.unifix.it\/es\/","name":"Unifix","description":"Fissati su di te","publisher":{"@id":"https:\/\/www.unifix.it\/es\/#organization"},"potentialAction":[{"@type":"SearchAction","target":{"@type":"EntryPoint","urlTemplate":"https:\/\/www.unifix.it\/es\/?s={search_term_string}"},"query-input":{"@type":"PropertyValueSpecification","valueRequired":true,"valueName":"search_term_string"}}],"inLanguage":"es"},{"@type":"Organization","@id":"https:\/\/www.unifix.it\/es\/#organization","name":"Unifix","url":"https:\/\/www.unifix.it\/es\/","logo":{"@type":"ImageObject","inLanguage":"es","@id":"https:\/\/www.unifix.it\/es\/#\/schema\/logo\/image\/","url":"https:\/\/www.unifix.it\/wp-content\/uploads\/2020\/10\/Logo_Unifix.svg","contentUrl":"https:\/\/www.unifix.it\/wp-content\/uploads\/2020\/10\/Logo_Unifix.svg","width":113,"height":44,"caption":"Unifix"},"image":{"@id":"https:\/\/www.unifix.it\/es\/#\/schema\/logo\/image\/"}}]}},"_links":{"self":[{"href":"https:\/\/www.unifix.it\/es\/wp-json\/wp\/v2\/pages\/1826","targetHints":{"allow":["GET"]}}],"collection":[{"href":"https:\/\/www.unifix.it\/es\/wp-json\/wp\/v2\/pages"}],"about":[{"href":"https:\/\/www.unifix.it\/es\/wp-json\/wp\/v2\/types\/page"}],"author":[{"embeddable":true,"href":"https:\/\/www.unifix.it\/es\/wp-json\/wp\/v2\/users\/1"}],"replies":[{"embeddable":true,"href":"https:\/\/www.unifix.it\/es\/wp-json\/wp\/v2\/comments?post=1826"}],"version-history":[{"count":5,"href":"https:\/\/www.unifix.it\/es\/wp-json\/wp\/v2\/pages\/1826\/revisions"}],"predecessor-version":[{"id":2071,"href":"https:\/\/www.unifix.it\/es\/wp-json\/wp\/v2\/pages\/1826\/revisions\/2071"}],"wp:attachment":[{"href":"https:\/\/www.unifix.it\/es\/wp-json\/wp\/v2\/media?parent=1826"}],"curies":[{"name":"wp","href":"https:\/\/api.w.org\/{rel}","templated":true}]}}